{"id":29,"date":"2019-12-13T20:28:08","date_gmt":"2019-12-13T20:28:08","guid":{"rendered":"http:\/\/projektx.judo-im-pott.de\/?page_id=29"},"modified":"2020-02-22T15:34:09","modified_gmt":"2020-02-22T15:34:09","slug":"datenschutz","status":"publish","type":"page","link":"https:\/\/chef-igor.com\/?page_id=29","title":{"rendered":"Datenschutz"},"content":{"rendered":"\n<h5 class=\"wp-block-heading\">Die Kontaktdaten des Unternehmens:<\/h5>\n\n\n\n<p>Name: Chef-Igor.com<br> E-Mail-Adresse: kontakt@chef-igor.com<br> Unternehmensbezeichnung: Redaktionell gef\u00fchrter Food-Blog<br> <\/p>\n\n\n\n<h5 class=\"wp-block-heading\">Die Kontaktdaten des Datenschutzbeauftragten:<\/h5>\n\n\n\n<p>Name: Frederic van Dyk<br> E-Mail-Adresse:  kontakt@chef-igor.com <br> <\/p>\n\n\n\n<h5 class=\"wp-block-heading\">Datenschutzerkl\u00e4rung<\/h5>\n\n\n\n<p>Sie erhalten als Nutzer unserer Internetseite in dieser \nDatenschutzerkl\u00e4rung alle notwendigen Informationen dar\u00fcber, wie, in \nwelchem Umfang sowie zu welchem Zweck wir oder Drittanbieter Daten von \nIhnen erheben und diese verwenden. Die Erhebung und Nutzung Ihrer Daten \nerfolgt streng nach den Vorgaben des Bundesdatenschutzgesetzes (BDSG) \nund des Telemediengesetzes (TMG). Wir f\u00fchlen uns der Vertraulichkeit \nIhrer personenbezogenen Daten besonders verpflichtet und arbeiten \ndeshalb streng innerhalb der Grenzen, die die gesetzlichen Vorgaben uns \nsetzen. Die Erhebung dieser personenbezogenen Daten erfolgt auf \nfreiwilliger Basis, wenn uns das m\u00f6glich ist. Auch geben wir diese Daten\n nur mit Ihrer ausdr\u00fccklichen Zustimmung an Dritte weiter. Wir sorgen \nbei besonders vertraulichen Daten wie im Zahlungsverkehr oder im \nHinblick auf Ihre Anfragen an uns durch Einsatz einer \nSSL-Verschl\u00fcsselung f\u00fcr hohe Sicherheit. Wir m\u00f6chten es aber an dieser \nStelle nicht vers\u00e4umen, auf die allgemeinen Gefahren der Internetnutzung\n hinzuweisen, auf die wir keinen Einfluss haben. Besonders im \nE-Mail-Verkehr sind Ihre Daten ohne weitere Vorkehrungen nicht sicher \nund k\u00f6nnen unter Umst\u00e4nden von Dritten erfasst werden.<\/p>\n\n\n\n<h5 class=\"wp-block-heading\">Auskunft, L\u00f6schung, Sperrung<\/h5>\n\n\n\n<p>Sie erhalten jederzeit unentgeltlich Auskunft \u00fcber die von uns \ngespeicherten personenbezogenen Daten zu Ihrer Person sowie zur \nHerkunft, dem Empf\u00e4nger und dem Zweck von Datenerhebung sowie \nDatenverarbeitung. Au\u00dferdem haben Sie das Recht, die Berichtigung, die \nSperrung oder L\u00f6schung Ihrer Daten zu verlangen. Ausgenommen davon sind \nDaten, die aufgrund gesetzlicher Vorschriften aufbewahrt oder zur \nordnungsgem\u00e4\u00dfen Gesch\u00e4ftsabwicklung ben\u00f6tigt werden. Damit eine \nDatensperre jederzeit realisiert werden kann, werden Daten zu \nKontrollzwecken in einer Sperrdatei vorgehalten. Werden Daten nicht von \neiner gesetzlichen Archivierungspflicht erfasst, l\u00f6schen wir Ihre Daten \nauf Ihren Wunsch. Greift die Archivierungspflicht, sperren wir Ihre \nDaten. F\u00fcr alle Fragen und Anliegen zur Berichtigung, Sperrung oder \nL\u00f6schung von personenbezogenen Daten wenden Sie sich bitte an unseren \nDatenschutzbeauftragten unter den Kontaktdaten in dieser \nDatenschutzerkl\u00e4rung bzw. an die im Impressum genannte Adresse.<\/p>\n\n\n\n<h5 class=\"wp-block-heading\">Cookies<\/h5>\n\n\n\n<p>Wir verwenden auf unserer Webseite Cookies. Diese kleinen Textdateien\n werden von unserem Server aus auf Ihrem PC gespeichert. Sie \nunterst\u00fctzen die Darstellung unserer Webseite und helfen Ihnen, sich auf\n unserer Webseite zu bewegen. Cookies erfassen Daten zu Ihrer \nIP-Adresse, zu Ihrem Browser, Ihrem Betriebssystem und Ihrer \nInternetverbindung. Diese Informationen verbinden wir nicht mit \npersonenbezogenen Daten und geben sie nicht an Dritte weiter. \nKeinesfalls werden Cookies von uns dazu benutzt, Schad- oder \nSpionageprogramme auf Ihren Rechner zu bringen. Sie k\u00f6nnen unsere \nWebseite auch ohne den Einsatz von Cookies nutzen, wodurch \nm\u00f6glicherweise einige Darstellungen und Funktionen unseres Angebots nur \neingeschr\u00e4nkt arbeiten. Wenn Sie die Cookies deaktivieren m\u00f6chten, \nk\u00f6nnen Sie das \u00fcber spezielle Einstellungen Ihres Browsers erreichen. \nNutzen Sie bitte dessen Hilfsfunktion, um die entsprechenden \u00c4nderungen \nvornehmen zu k\u00f6nnen. Online-Anzeigen-Cookies k\u00f6nnen Sie \u00fcber folgende \nLinks verwalten: http:\/\/www.aboutads.info\/choices f\u00fcr die USA \nhttp:\/\/www.youronlinechoices.com\/uk\/your-ad-choices f\u00fcr Europa<\/p>\n\n\n\n<h5 class=\"wp-block-heading\">Inhalte und Dienste von Drittanbietern<\/h5>\n\n\n\n<p>Das Angebot auf unserer Webseite erfasst unter Umst\u00e4nden auch \nInhalte, Dienste und Leistungen von anderen Anbietern, die unser Angebot\n erg\u00e4nzen. Beispiele f\u00fcr solche Angebote sind Karten von Google-Maps, \nYouTube-Videos oder Grafikdarstellungen Dritter. Der Aufruf dieser \nLeistungen von dritter Seite erfordert regelm\u00e4\u00dfig die \u00dcbermittlung Ihrer\n IP-Adresse. Damit ist es diesen Anbietern m\u00f6glich, Ihre \nNutzer-IP-Adresse wahrzunehmen und diese auch zu speichern. Wir bem\u00fchen \nuns sehr, nur solche Drittanbieter einzubeziehen, die IP-Adressen allein\n zur Auslieferung der Inhalte nutzen. Wir haben dabei jedoch keinen \nEinfluss darauf, welcher Drittanbieter gegebenenfalls die IP-Adresse \nspeichert. Diese Speicherung kann zum Beispiel statistischen Zwecken \ndienen. Sollten wir von Speicherungsvorg\u00e4ngen durch Drittanbieter \nKenntnis erlangen, weisen wir unsere Nutzer unverz\u00fcglich auf diese \nTatsache hin. Beachten Sie bitte in diesem Zusammenhang auch die \nspeziellen Datenschutzerkl\u00e4rungen zu einzelnen Drittanbietern und \nDienstleistern, deren Service wir auf unserer Webseite nutzen. Sie \nfinden Sie ebenfalls in dieser Datenschutzerkl\u00e4rung.<\/p>\n\n\n\n<h5 class=\"wp-block-heading\">Personenbezogene Daten<\/h5>\n\n\n\n<p>Personenbezogene Daten erheben wir im Rahmen von Datenvermeidung und \nDatensparsamkeit nur in dem Ausma\u00df und so lange, wie es zur Nutzung \nunserer Webseite notwendig ist, beziehungsweise vom Gesetzgeber \nvorgeschrieben wird. Wir nehmen den Schutz Ihrer pers\u00f6nlichen Daten \nernst und halten uns bei Erhebung und Verarbeitung personenbezogener \nDaten streng an die entsprechenden gesetzlichen Vorschriften und an \ndiese Datenschutzerkl\u00e4rung. F\u00e4llt der Zweck der Datenerhebung weg oder \nist das Ende der gesetzlichen Speicherfrist erreicht, werden die \nerhobenen Daten gesperrt oder gel\u00f6scht. Regelm\u00e4\u00dfig kann unsere Webseite \nohne die Weitergabe pers\u00f6nlicher Daten genutzt werden. Wenn wir \npersonenbezogene Daten erheben \u2013 etwa Ihren Namen, Ihre Anschrift oder \nIhre E-Mail-Adresse \u2013 erfolgt diese Datenerhebung freiwillig. Ohne eine \nausdr\u00fccklich erteilte Zustimmung von Ihrer Seite werden diese Daten \nDritten nicht zur Kenntnis gebracht. Beachten Sie bitte, dass Daten im \nInternet allgemein nicht immer sicher \u00fcbertragen werden. Besonders im \nE-Mail-Verkehr kann der Schutz beim Datenaustausch nicht garantiert \nwerden.<\/p>\n\n\n\n<h5 class=\"wp-block-heading\">Server Logfiles<\/h5>\n\n\n\n<p>Bei den Server Logfiles handelt es sich um anonymisierte Daten, die \nbei Ihrem Zugriff auf unsere Webseite erfasst werden. Diese \nInformationen erm\u00f6glichen keine R\u00fcckschl\u00fcsse auf Sie pers\u00f6nlich, sind \naber aus technischen Gr\u00fcnden f\u00fcr die Auslieferung und Darstellung \nunserer Inhalte unverzichtbar. Weiterhin dienen Sie unserer Statistik \nund der st\u00e4ndigen Optimierung unserer Inhalte. Typische Logfiles sind \ndas Datum und die Zeit des Zugriffs, die Datenmenge, der f\u00fcr den Zugriff\n benutzte Browser und seine Version, das eingesetzte Betriebssystem, der\n Domainname des von Ihnen beauftragten Providers, die Seite, von der Sie\n zu unserem Angebot gekommen sind (Referrer-URL) und Ihre IP-Adresse. \nLogfiles erm\u00f6glichen au\u00dferdem eine genaue Pr\u00fcfung bei Verdacht auf eine \nrechtswidrige Nutzung unserer Webseite.<\/p>\n\n\n\n<h5 class=\"wp-block-heading\">Facebook Plugin<\/h5>\n\n\n\n<p>Sie finden auf unserer Webseite Plugins des sozialen Netzwerks \nFacebook. Dessen Anbieter ist die Facebook Inc. Sie ist ans\u00e4ssig in den \nUSA, California 94025, 1 Hacker Way, Menlo Park. Das Facebook-Logo oder \nder \u201eLike-Button\u201c (\u201eGef\u00e4llt mir\u201c-Knopf) auf unserer Seite kennzeichnen \ndie Facebook-Plugins f\u00fcr Sie erkennbar. Beachten Sie auch die \u00dcbersicht \nzu den Facebook-Plugins auf \nhttp:\/\/developers.facebook.com\/docs\/plugins\/. Bei Ihrem Besuch auf \nunserer Webseite stellen wir \u00fcber das Plugin direkt eine Verbindung mit \ndem Facebook-Server her. Sie sind dann \u00fcber Ihren Browser dorthin \ngeschaltet. F\u00fcr Facebook ist damit die Information verbunden, dass Sie \nunsere Webseite mit Ihrer IP-Adresse besucht haben. Mit einem Klick auf \nden Facebook \u201eLike-Button\u201c verlinken Sie Inhalte unserer Webseite mit \nIhrem Profil auf Facebook. F\u00fcr Facebook wird der Besuch auf unserer \nSeite Ihrem Benutzerkonto zuordenbar. Dabei haben wir keine Kenntnis \ndar\u00fcber, welcher Art die Inhalte sind, die an Facebook \u00fcbermittelt \nwerden und wie Facebook diese nutzt. Erhalten Sie n\u00e4here Informationen \nzur Datenerhebung und Datennutzung in der Facebook-Datenschutzerkl\u00e4rung,\n die Sie unter http:\/\/de-de.facebook.com\/policy.php finden. Sie k\u00f6nnen \ndie Zuordnung Ihres Besuches auf unserer Seite mit Ihrem Facebook-Profil\n unterbinden, indem Sie sich einfach vorher aus Ihrem Facebook-Account \nausloggen.<\/p>\n\n\n\n<h5 class=\"wp-block-heading\">Facebook-Seite<\/h5>\n\n\n\n<p> Chef-Igor.com  verlinkt auf eine Facebookseite, also einer Seite,  die eigens zum Zwecke des Social-Media-Marketings erstellt wurde.  Chef-Igor.com hat weder Einsicht noch Einfluss auf die  Datenverarbeitung der Facebook Inc. Beachten Sie daher die  Facebook-eigene Datenschutzerkl\u00e4rung:<br> <a href=\"https:\/\/www.facebook.com\/policy.php\">https:\/\/www.facebook.com\/policy.php<\/a><\/p>\n\n\n\n<h5 class=\"wp-block-heading\">Twitter-Account<\/h5>\n\n\n\n<p> Chef-Igor.com  verlinkt auf einen Twitteraccount, welcher eigens zum  Zwecke des Social-Media-Marketings erstellt wurde.  Chef-Igor.com  hat  weder Einsicht noch Einfluss auf die Datenverarbeitung der Twitter Inc.  Beachten Sie daher die Twitter-eigene Datenschutzerkl\u00e4rung:<br> <a href=\"https:\/\/twitter.com\/de\/privacy\">https:\/\/twitter.com\/de\/privacy<\/a><\/p>\n\n\n\n<h5 class=\"wp-block-heading\">Einsatz von Google AdSense<\/h5>\n\n\n\n<p>Wir binden auf unserer Webseite Werbeanzeigen von Google AdSense ein.\n Bei Google AdSense handelt es sich um eine Remarketing-Funktion von \nGoogle Inc. Sie erm\u00f6glicht es, Besuchern unserer Seiten abgestimmte, \ninteressenbezogene Werbeanzeigen anzubieten. Dabei werden Cookies \neingesetzt. Diese auf Ihrem Rechner gespeicherten Textdateien erzeugen \nInformationen, die Sie als Besucher wieder erkennbar machen, indem etwa \nIhre IP-Adresse identifiziert wird. Au\u00dferdem finden auch Web Beacons \nAnwendung. Das sind unsichtbare Grafiken, mit denen der Besucherstrom \nauf einer Webseite analysiert wird. Alle genannten Informationen \n\u00fcbermittelt Google an seine Server in den USA. Google verneint in diesem\n Zusammenhang die Speicherung personenbezogener Daten und die \nZusammenf\u00fchrung der IP-Adressen mit anderen Google-Diensten. Google Inc.\n ist jedoch nicht daran gehindert, die Informationen an Dritte \nweiterzugeben. Sie haben die M\u00f6glichkeit, diese Remarketing-Funktion zu \nunterbinden. Die notwendigen Einstellungen k\u00f6nnen Sie auf der folgenden \nWebseite durchf\u00fchren: http:\/\/www.google.com\/settings\/ads. \u00dcber die Seite\n http:\/\/www.networkadvertising.org\/managing\/opt_out.asp unterbinden Sie \nbereits die Speicherung der Cookies. Dasselbe Ergebnis erreichen Sie \n\u00fcber entsprechende Einstellungen in Ihrem Browser, die Ihnen \u00fcber dessen\n Hilfe-Funktion erl\u00e4utert werden. Ohne Cookies sind Darstellung und \nFunktion unserer Webseite m\u00f6glicherweise eingeschr\u00e4nkt. Mit der Nutzung \nunseres Web-Angebotes erkl\u00e4ren Sie sich regelm\u00e4\u00dfig damit einverstanden, \ndass Google die bezeichneten Daten im Remarketing in der oben n\u00e4her \nbeschriebenen Weise erhebt sowie verarbeitet.<\/p>\n\n\n\n<h5 class=\"wp-block-heading\">Verwendung von Google Analytics<\/h5>\n\n\n\n<p>Wir nutzen auf unserer Webseite den Webanalysedienst Google Analytics\n von Google Inc. Dieser setzt Cookies ein. Dabei handelt es sich um \nTextdateien, die durch Speicherung auf Ihrem PC eine Analyse zu Ihrem \nNutzerverhalten in Bezug auf unsere Webseite erlauben. Die Cookies \nerzeugen Informationen, die an einen Google-Server \u00fcbertragen werden. \nDiese Server befinden sich in der Regel in den USA, folgen aber Abkommen\n zur Nutzung des europ\u00e4ischen Wirtschaftsraumes und k\u00fcrzen Ihre \nIP-Adresse vor \u00dcbermittlung in die Vereinigten Staaten. Nur in \nAusnahmef\u00e4llen wird die IP-Adresse erst nach \u00dcbermittlung in die USA \ngek\u00fcrzt. Google wertet die \u00fcbermittelten Informationen aus und erbringt \nin diesem Kontext weitere Dienstleistungen f\u00fcr uns Webseitenbetreiber. \nDabei wird die ermittelte IP-Adresse nicht mit anderen Google-Services \nzusammengef\u00fchrt. \u00dcber eine \u00c4nderung Ihrer Browsereinstellungen k\u00f6nnen \nSie die Speicherung von Cookies auf Ihrem Rechner unterbinden. Damit \nk\u00f6nnen allerdings Darstellungs- und Funktionseinschr\u00e4nkungen bei der \nNutzung unserer Webseite verbunden sein. Ein Browser-Plugin verhindert \ndar\u00fcber hinaus die Erfassung sowie Nutzung der durch die Cookies \nerzeugten Daten. Sie k\u00f6nnen es unter folgendem Link herunterladen: \nhttps:\/\/tools.google.com\/dlpage\/gaoptout?hl=de Erfahren Sie mehr zu den \nDatenschutzbedingungen von Google und Google Analytics unter: \nhttp:\/\/www.google.com\/analytics\/terms\/de.html oder unter \nhttps:\/\/www.google.de\/intl\/de\/policies\/.<\/p>\n\n\n\n<h5 class=\"wp-block-heading\">Google Maps Plugin<\/h5>\n\n\n\n<p>Wir setzen auf unserer Webseite ein Plugin des Internetdienstes \nGoogle Maps ein. Betreiber von Google Maps ist Google Inc., ans\u00e4ssig in \nden USA, CA 94043, 1600 Amphitheatre Parkway, Mountain View. Indem Sie \nGoogle Maps auf unserer Webseite nutzen, werden Informationen \u00fcber die \nNutzung dieser Webseite und Ihre IP-Adresse an einen Google-Server in \nden USA \u00fcbermittelt und auch auf diesem Server gespeichert. Wir haben \nkeine Kenntnis \u00fcber den genauen Inhalt der \u00fcbermittelten Daten, noch \n\u00fcber ihre Nutzung durch Google. Das Unternehmen verneint in diesem \nKontext die Verbindung der Daten mit Informationen aus anderen \nGoogle-Diensten und die Erfassung personenbezogener Daten. Allerdings \nkann Google die Informationen an Dritte \u00fcbermitteln. Wenn Sie Javascript\n in Ihrem Browser deaktivieren, verhindern Sie die Ausf\u00fchrung von Google\n Maps. Sie k\u00f6nnen dann aber auch keine Kartenanzeige auf unserer \nWebseite nutzen. Mit der Nutzung unserer Webseite erkl\u00e4ren Sie Ihr \nEinverst\u00e4ndnis mit der beschriebenen Erfassung und Verarbeitung der \nInformationen durch Google Inc.. N\u00e4heres zu den Datenschutzbestimmungen \nund Nutzungsbedingungen f\u00fcr Google Maps erfahren Sie hier: \nhttps:\/\/www.google.com\/intl\/de_de\/help\/terms_maps.html.<\/p>\n\n\n\n<h5 class=\"wp-block-heading\">YouTube-Kanal: Chef-Igor.com<\/h5>\n\n\n\n<p> Chef-Igor.com  ist auch auf  YouTube vertreten. Daher verlinkt  Chef-Igor.com  auf den gleichnamigen  sog. \u201eKanal\u201c. Dabei fallen unter Umst\u00e4nden Daten an, die durch YouTube,  bzw. Google verarbeitet werden.  Chef-Igor.com  hat weder Einsicht noch  Einfluss auf die Datenverarbeitung von Google bzw. YouTube. Beachten Sie  daher die YouTube-eigene Datenschutzerkl\u00e4rung: <a href=\"https:\/\/www.youtube.com\/intl\/de\/yt\/about\/policies\/#community-guidelines\">https:\/\/www.youtube.com\/intl\/de\/yt\/about\/policies\/#community-guidelines<\/a><\/p>\n\n\n\n<h5 class=\"wp-block-heading\">Twitter Plugin<\/h5>\n\n\n\n<p>Wir nutzen auf unserer Webseite auch Funktionen des  Mikrobloggingdienstes Twitter. Betreiber von Twitter ist Twitter Inc.  Die US-amerikanische Firma ist ans\u00e4ssig in den USA, San Francisco, CA  94103, 1355 Market St, Suite 900. Hauptfunktion von Twitter ist die  \u201eTweet-Funktion\u201c. Nutzen Sie diese \u00fcber unsere Internetseite, findet  eine Verkn\u00fcpfung mit Ihrem Twitter-Account statt. Es kann zum  Datenaustausch mit anderen Nutzern kommen und zur \u00dcbertragung von Daten  an Twitter. Wir erhalten keine Kenntnis von dem Inhalt der an Twitter  gesendeten Daten, noch werden wir \u00fcber deren Nutzung in Kenntnis  gesetzt. Informieren Sie sich zu diesen Fragen unter  http:\/\/twitter.com\/privacy. Dort finden Sie die ausf\u00fchrliche  Datenschutzerkl\u00e4rung von Twitter. Weiterhin bietet Ihnen die Plattform  die M\u00f6glichkeit, \u00fcber http:\/\/twitter.com\/account\/settings Ihre  Datenschutzeinstellungen selbst zu gestalten.  Wir nutzen zudem auf unserer Seite ein Twitter-PlugIn. Hierdurch kann Twitter,  w\u00e4hrend Sie bei dessen Diensten angemeldet sind, R\u00fcckschl\u00fcsse auf Ihr  Nutzerverhalten ziehen. Wir machen darauf aufmerksam, dass w\u00e4hrend des  LogIns auf Twitter.com zus\u00e4tzlich die Datenschutzbestimmungen von  Twitter Inc. sowie deren Cookie-Richtlinien Geltung haben.  <\/p>\n<div class=\"shariff shariff-align-flex-start shariff-widget-align-flex-start\"><ul class=\"shariff-buttons theme-white orientation-horizontal buttonsize-medium\"><li class=\"shariff-button facebook shariff-nocustomcolor\" style=\"background-color:#4273c8\"><a href=\"https:\/\/www.facebook.com\/sharer\/sharer.php?u=https%3A%2F%2Fchef-igor.com%2F%3Fpage_id%3D29\" title=\"Bei Facebook teilen\" aria-label=\"Bei Facebook teilen\" role=\"button\" rel=\"nofollow\" class=\"shariff-link\" style=\"; background-color:#3b5998; color:#3b5998\" target=\"_blank\"><span class=\"shariff-icon\" style=\"fill:#3b5998\"><svg width=\"32px\" height=\"20px\" xmlns=\"http:\/\/www.w3.org\/2000\/svg\" viewBox=\"0 0 18 32\"><path fill=\"#3b5998\" d=\"M17.1 0.2v4.7h-2.8q-1.5 0-2.1 0.6t-0.5 1.9v3.4h5.2l-0.7 5.3h-4.5v13.6h-5.5v-13.6h-4.5v-5.3h4.5v-3.9q0-3.3 1.9-5.2t5-1.8q2.6 0 4.1 0.2z\"\/><\/svg><\/span><span class=\"shariff-text\" style=\"color:#3b5998\">teilen<\/span>&nbsp;<\/a><\/li><li class=\"shariff-button twitter shariff-nocustomcolor\" style=\"background-color:#595959\"><a href=\"https:\/\/twitter.com\/share?url=https%3A%2F%2Fchef-igor.com%2F%3Fpage_id%3D29&text=Datenschutz\" title=\"Bei X teilen\" aria-label=\"Bei X teilen\" role=\"button\" rel=\"noopener nofollow\" class=\"shariff-link\" style=\"; background-color:#000; color:#000\" target=\"_blank\"><span class=\"shariff-icon\" style=\"fill:#000\"><svg width=\"32px\" height=\"20px\" xmlns=\"http:\/\/www.w3.org\/2000\/svg\" viewBox=\"0 0 24 24\"><path fill=\"#000\" d=\"M14.258 10.152L23.176 0h-2.113l-7.747 8.813L7.133 0H0l9.352 13.328L0 23.973h2.113l8.176-9.309 6.531 9.309h7.133zm-2.895 3.293l-.949-1.328L2.875 1.56h3.246l6.086 8.523.945 1.328 7.91 11.078h-3.246zm0 0\"\/><\/svg><\/span><span class=\"shariff-text\" style=\"color:#000\">teilen<\/span>&nbsp;<\/a><\/li><li class=\"shariff-button whatsapp shariff-nocustomcolor\" style=\"background-color:#5cbe4a\"><a href=\"https:\/\/api.whatsapp.com\/send?text=https%3A%2F%2Fchef-igor.com%2F%3Fpage_id%3D29%20Datenschutz\" title=\"Bei Whatsapp teilen\" aria-label=\"Bei Whatsapp teilen\" role=\"button\" rel=\"noopener nofollow\" class=\"shariff-link\" style=\"; background-color:#34af23; color:#34af23\" target=\"_blank\"><span class=\"shariff-icon\" style=\"fill:#34af23\"><svg width=\"32px\" height=\"20px\" xmlns=\"http:\/\/www.w3.org\/2000\/svg\" viewBox=\"0 0 32 32\"><path fill=\"#34af23\" d=\"M17.6 17.4q0.2 0 1.7 0.8t1.6 0.9q0 0.1 0 0.3 0 0.6-0.3 1.4-0.3 0.7-1.3 1.2t-1.8 0.5q-1 0-3.4-1.1-1.7-0.8-3-2.1t-2.6-3.3q-1.3-1.9-1.3-3.5v-0.1q0.1-1.6 1.3-2.8 0.4-0.4 0.9-0.4 0.1 0 0.3 0t0.3 0q0.3 0 0.5 0.1t0.3 0.5q0.1 0.4 0.6 1.6t0.4 1.3q0 0.4-0.6 1t-0.6 0.8q0 0.1 0.1 0.3 0.6 1.3 1.8 2.4 1 0.9 2.7 1.8 0.2 0.1 0.4 0.1 0.3 0 1-0.9t0.9-0.9zM14 26.9q2.3 0 4.3-0.9t3.6-2.4 2.4-3.6 0.9-4.3-0.9-4.3-2.4-3.6-3.6-2.4-4.3-0.9-4.3 0.9-3.6 2.4-2.4 3.6-0.9 4.3q0 3.6 2.1 6.6l-1.4 4.2 4.3-1.4q2.8 1.9 6.2 1.9zM14 2.2q2.7 0 5.2 1.1t4.3 2.9 2.9 4.3 1.1 5.2-1.1 5.2-2.9 4.3-4.3 2.9-5.2 1.1q-3.5 0-6.5-1.7l-7.4 2.4 2.4-7.2q-1.9-3.2-1.9-6.9 0-2.7 1.1-5.2t2.9-4.3 4.3-2.9 5.2-1.1z\"\/><\/svg><\/span><span class=\"shariff-text\" style=\"color:#34af23\">teilen<\/span>&nbsp;<\/a><\/li><li class=\"shariff-button reddit shariff-nocustomcolor\" style=\"background-color:#ff5700\"><a href=\"https:\/\/www.reddit.com\/submit?url=https%3A%2F%2Fchef-igor.com%2F%3Fpage_id%3D29\" title=\"Bei Reddit teilen\" aria-label=\"Bei Reddit teilen\" role=\"button\" rel=\"noopener nofollow\" class=\"shariff-link\" style=\"; background-color:#ff4500; color:#ff4500\" target=\"_blank\"><span class=\"shariff-icon\" style=\"fill:#ff4500\"><svg xmlns=\"http:\/\/www.w3.org\/2000\/svg\" viewBox=\"0 0 512 512\"><path fill=\"#ff4500\" d=\"M440.3 203.5c-15 0-28.2 6.2-37.9 15.9-35.7-24.7-83.8-40.6-137.1-42.3L293 52.3l88.2 19.8c0 21.6 17.6 39.2 39.2 39.2 22 0 39.7-18.1 39.7-39.7s-17.6-39.7-39.7-39.7c-15.4 0-28.7 9.3-35.3 22l-97.4-21.6c-4.9-1.3-9.7 2.2-11 7.1L246.3 177c-52.9 2.2-100.5 18.1-136.3 42.8-9.7-10.1-23.4-16.3-38.4-16.3-55.6 0-73.8 74.6-22.9 100.1-1.8 7.9-2.6 16.3-2.6 24.7 0 83.8 94.4 151.7 210.3 151.7 116.4 0 210.8-67.9 210.8-151.7 0-8.4-.9-17.2-3.1-25.1 49.9-25.6 31.5-99.7-23.8-99.7zM129.4 308.9c0-22 17.6-39.7 39.7-39.7 21.6 0 39.2 17.6 39.2 39.7 0 21.6-17.6 39.2-39.2 39.2-22 .1-39.7-17.6-39.7-39.2zm214.3 93.5c-36.4 36.4-139.1 36.4-175.5 0-4-3.5-4-9.7 0-13.7 3.5-3.5 9.7-3.5 13.2 0 27.8 28.5 120 29 149 0 3.5-3.5 9.7-3.5 13.2 0 4.1 4 4.1 10.2.1 13.7zm-.8-54.2c-21.6 0-39.2-17.6-39.2-39.2 0-22 17.6-39.7 39.2-39.7 22 0 39.7 17.6 39.7 39.7-.1 21.5-17.7 39.2-39.7 39.2z\"\/><\/svg><\/span><span class=\"shariff-text\" style=\"color:#ff4500\">teilen<\/span>&nbsp;<\/a><\/li><li class=\"shariff-button rss shariff-nocustomcolor\" style=\"background-color:#ff8c00\"><a href=\"https:\/\/chef-igor.com\/?feed=rss\" title=\"RSS-feed\" aria-label=\"RSS-feed\" role=\"button\" class=\"shariff-link\" style=\"; background-color:#fe9312; color:#fe9312\" target=\"_blank\"><span class=\"shariff-icon\" style=\"fill:#fe9312\"><svg width=\"32px\" height=\"20px\" xmlns=\"http:\/\/www.w3.org\/2000\/svg\" viewBox=\"0 0 32 32\"><path fill=\"#fe9312\" d=\"M4.3 23.5c-2.3 0-4.3 1.9-4.3 4.3 0 2.3 1.9 4.2 4.3 4.2 2.4 0 4.3-1.9 4.3-4.2 0-2.3-1.9-4.3-4.3-4.3zM0 10.9v6.1c4 0 7.7 1.6 10.6 4.4 2.8 2.8 4.4 6.6 4.4 10.6h6.2c0-11.7-9.5-21.1-21.1-21.1zM0 0v6.1c14.2 0 25.8 11.6 25.8 25.9h6.2c0-17.6-14.4-32-32-32z\"\/><\/svg><\/span><span class=\"shariff-text\" style=\"color:#fe9312\">RSS-feed<\/span>&nbsp;<\/a><\/li><\/ul><\/div>","protected":false},"excerpt":{"rendered":"<p>Die Kontaktdaten des Unternehmens: Name: Chef-Igor.com E-Mail-Adresse: kontakt@chef-igor.com Unternehmensbezeichnung: Redaktionell gef\u00fchrter Food-Blog Die Kontaktdaten des Datenschutzbeauftragten: Name: Frederic van Dyk E-Mail-Adresse: kontakt@chef-igor.com [&hellip;]<\/p>\n","protected":false},"author":1,"featured_media":0,"parent":0,"menu_order":0,"comment_status":"closed","ping_status":"closed","template":"","meta":{"footnotes":""},"_links":{"self":[{"href":"https:\/\/chef-igor.com\/index.php?rest_route=\/wp\/v2\/pages\/29"}],"collection":[{"href":"https:\/\/chef-igor.com\/index.php?rest_route=\/wp\/v2\/pages"}],"about":[{"href":"https:\/\/chef-igor.com\/index.php?rest_route=\/wp\/v2\/types\/page"}],"author":[{"embeddable":true,"href":"https:\/\/chef-igor.com\/index.php?rest_route=\/wp\/v2\/users\/1"}],"replies":[{"embeddable":true,"href":"https:\/\/chef-igor.com\/index.php?rest_route=%2Fwp%2Fv2%2Fcomments&post=29"}],"version-history":[{"count":4,"href":"https:\/\/chef-igor.com\/index.php?rest_route=\/wp\/v2\/pages\/29\/revisions"}],"predecessor-version":[{"id":525,"href":"https:\/\/chef-igor.com\/index.php?rest_route=\/wp\/v2\/pages\/29\/revisions\/525"}],"wp:attachment":[{"href":"https:\/\/chef-igor.com\/index.php?rest_route=%2Fwp%2Fv2%2Fmedia&parent=29"}],"curies":[{"name":"wp","href":"https:\/\/api.w.org\/{rel}","templated":true}]}}