{"id":39,"date":"2019-12-14T14:52:33","date_gmt":"2019-12-14T14:52:33","guid":{"rendered":"http:\/\/projektx.judo-im-pott.de\/?page_id=39"},"modified":"2020-06-28T14:25:08","modified_gmt":"2020-06-28T14:25:08","slug":"weinexpertisen","status":"publish","type":"page","link":"https:\/\/chef-igor.com\/?page_id=39","title":{"rendered":"\u00dcber Weinexpertisen"},"content":{"rendered":"\n<div class=\"wp-block-image\"><figure class=\"alignleft size-large is-resized\"><img loading=\"lazy\" decoding=\"async\" src=\"http:\/\/projektx.judo-im-pott.de\/wp-content\/uploads\/2019\/12\/IMG_1845-1024x575.jpg\" alt=\"\" class=\"wp-image-42\" width=\"339\" height=\"190\" srcset=\"https:\/\/chef-igor.com\/wp-content\/uploads\/2019\/12\/IMG_1845-1024x575.jpg 1024w, https:\/\/chef-igor.com\/wp-content\/uploads\/2019\/12\/IMG_1845-300x168.jpg 300w, https:\/\/chef-igor.com\/wp-content\/uploads\/2019\/12\/IMG_1845-768x431.jpg 768w, https:\/\/chef-igor.com\/wp-content\/uploads\/2019\/12\/IMG_1845-830x466.jpg 830w, https:\/\/chef-igor.com\/wp-content\/uploads\/2019\/12\/IMG_1845-230x129.jpg 230w, https:\/\/chef-igor.com\/wp-content\/uploads\/2019\/12\/IMG_1845-350x197.jpg 350w, https:\/\/chef-igor.com\/wp-content\/uploads\/2019\/12\/IMG_1845-480x270.jpg 480w, https:\/\/chef-igor.com\/wp-content\/uploads\/2019\/12\/IMG_1845.jpg 1040w\" sizes=\"(max-width: 339px) 100vw, 339px\" \/><figcaption>Schon die Farbe verr\u00e4t viel \u00fcber den Wein.<\/figcaption><\/figure><\/div>\n\n\n\n<p>Die Expertise von Weinen erfordert guten Gaumen und gute Nase. Freilich ist dies kaum jemandem in die Wiege gelegt: Viel mehr kann ein Jeder seinen Geschmack darauf trainieren, selbst feinste Nuancen zu erkennen. Hierf\u00fcr ist wichtig, dem Hirn Abwechslung zu geben. Wer immer nur denselben Tropfen in sich reingie\u00dft, wird, selbst wenn er dies in Massen vollzieht, nie etwas anderes schmecken als &#8222;Wein&#8220;. Die Frage, wonach der Tropfen &#8211; und sei er noch so edel &#8211; schmecke, wird dann mit der Farbe des Weines beantwortet werden. Wer es sich also entsprechend leisten kann, sollte, wann immer es geht, neues ausprobieren, um dem Verstand neue Vergleichsm\u00f6glichkeiten zu bieten. Gem\u00fctliche Abende zu Hause oder im Urlaub bieten hierf\u00fcr eine passende Gelegenheit. F\u00fcr den fortgeschrittenen Liebhaber empfehlen sich nat\u00fcrlich Weinreisen zu den besten Weing\u00fctern. Hervorragende Weing\u00fcter sind nicht zwangsl\u00e4ufig so teuer, dass man sie nicht bezahlen k\u00f6nnte. Bei vielen Weing\u00fctern im VDP, dem Verband Deutscher Pr\u00e4dikatsweing\u00fcter, sind ad\u00e4quate Gutsweine f\u00fcr unter zehn Euro pro Flasche beziehbar. Wir empfehlen f\u00fcr eine gute Weinprobe eine ruhige Atmosph\u00e4re. Sollte der Inhaber w\u00e4hrend der Weinprobe zu sehr die Werbetrommel r\u00fchren, sch\u00e4men Sie sich nicht, ihn einfach wegzuschicken. Ihm ist unter Umst\u00e4nden daran gelegen, weniger beliebte Flaschen an den Mann zu bringen. Ger\u00e4t er hierbei an einen kundigen Weink\u00e4ufer, schadet er sich unter Umst\u00e4nden sogar selbst. Lassen Sie sich nicht beeinflussen. Ihr Geschmack geh\u00f6rt Ihnen. Treffen Sie zudem eine Vorauswahl: Fangen Sie bei der Weinprobe im unterst gew\u00fcnschten Preissegment des Weingutes an und arbeiten Sie sich bis zu den Lagenweinen fort. Eine umgekehrte Reihenfolge f\u00fchrt dazu, dass die g\u00fcnstigeren Weine als weniger tief im Geschmack eingesch\u00e4tzt werden &#8211; was in der Regel auch zutrifft &#8211; und das Verh\u00e4ltnis von Preis und Geschmack bei der Beurteilung in den Hintergrund r\u00fcckt. Ebenso sollten Sie zun\u00e4chst wei\u00dfen und dann erst roten Wein probieren, da sonst der erstere aufgrund des kr\u00e4ftigen Geschmackes des Roten irrt\u00fcmlich als deutlich laffer und weniger tief wahrgenommen werden wird. Probieren Sie zudem immer nur ein paar wenige ausgew\u00e4hlte Flaschen. Dies erleichtert die Kaufentscheidung und schont Ihre Leber. Sie werden feststellen, dass Geschmack und Vernunft ab einem bestimmten Blutalkoholspiegel zunehmend irrelevant werden. Sch\u00e4men Sie sich nicht, den Rest der Weinprobe in Ihrem Glas in den hierf\u00fcr vorgesehenen Beh\u00e4lter zu entleeren &#8211; daf\u00fcr ist er da. Auch das &#8222;Spucken&#8220; kann unter Umst\u00e4nden ratsam sein. Hierbei geht zwar der Abgang fl\u00f6ten, Ihr Verstand aber bleibt daf\u00fcr klar. <\/p>\n\n\n\n<p>Die Wahl von richtiger Temperatur und richtigem Glas ist bei einer Weinprobe elementar. Der Wein wird nur in den Bauch des Glases gef\u00fcllt, wo man ihn bequem schwenken kann. Ein volumiger Bauch sorgt daf\u00fcr, dass sich in ihm ausgasende Aromen (von <em>griech. <\/em> <em>\u1f04\u03c1\u03c9\u03bc\u03b1<\/em>, &#8222;Duft, Geruch&#8220;) erhalten, die somit wahrgenommen werden k\u00f6nnen und den Geschmack ma\u00dfgeblich beeinflussen. Besonders bei schweren Rotweinen empfehlen sich besonders bauchige Gl\u00e4ser. Geben Sie au\u00dferdem dem Wein Zeit, sein Bouquet &#8211; also sein Aroma im Glas &#8211; zu entfalten. Dies bezeichnet man auch als &#8222;atmen&#8220;. Tendenziell brauchen sehr junge Weine etwas l\u00e4nger, um ihr volles Potential zu zeigen. W\u00e4hrenddessen k\u00f6nnen Sie schon einmal die Farbe des Weines beurteilen und so mit ein wenig \u00dcbung erste R\u00fcckschl\u00fcsse auf die Rebsorte gewinnen. Dies kann bei Blindverkostungen besonders viel Freude bereiten. Schwenken Sie den Wein hiernach ein wenig im Glas und riechen Sie an ihm. Versuchen Sie, ihre Sinneseindr\u00fccke in Worte zu fassen. Bei dieser Gelegenheit l\u00e4sst sich gewiss \u00fcber den Inhaber des Weingutes die Geschichte des speziellen Weines erfahren. Eine gute Konversation hilft dabei, andere Ihnen bekannte Ger\u00fcche und Geschm\u00e4cker mit dem Bouquet des Weines zu assoziieren. Achten Sie hernach auf den Geschmack am Gaumen und im Abgang. Versuchen Sie sich auch hier an Assoziationen. Sie w\u00e4ren erstaunt, wie nahe Sie mit den Meinungen Ihrer Freunde \u00fcbereinstimmen. So k\u00f6nnen zum Beispiel zwei verschiedene, jedoch mit einander verwandte Fr\u00fcchte genannt werden, etwa Pfirsich und Aprikose. <\/p>\n\n\n\n<p>Das Team von Chef Igor bewertet Weine rein geschmacklich ohne dem Preis Beachtung zu schenken. Dabei verwenden wir &#8211; anders als bei Restaurantkritiken &#8211; kein striktes Punktesystem, sondern vergeben die Wertungen anhand loser Kriterien, die jeder unserer Weinexperten frei gewichten darf. Die theoretisch h\u00f6chste Wertung ist eine 10,0. Das Verh\u00e4ltnis von Geschmack zum Preis wird dreistufig bewertet: &#8222;Gut&#8220;, &#8222;durchschnittlich&#8220;, &#8222;wenig befriedigend&#8220;. Weine mit Fehlnoten werden beschrieben, jedoch nicht bewertet. Als Grundlage der Weinauswahl empfehlen wir die aktuelle Ausgabe des Gault&amp;Millau. <\/p>\n\n\n\n<figure class=\"wp-block-table\"><table class=\"\"><tbody><tr><td><strong>Note:<\/strong><\/td><td><strong>Einordnung der Benotung:<\/strong><\/td><\/tr><tr><td>6,0-6,9<\/td><td>Allenfalls Mittelklasse<br><em>Kriterien:<\/em> Weine mit mehreren Kritikpunkten, aber gutem Preis-Geschmacks-Verh\u00e4ltnis. <\/td><\/tr><tr><td>7,0-7,9<\/td><td>Ad\u00e4quate Trinkweine sowie gute Oberklasse, die Freude macht. <br><em>Kriterien:<\/em> Gut differenzierbare Charakteristika, leckeres Bouquet. Einzelne Schw\u00e4chen erlaubt. <\/td><\/tr><tr><td>8,0-8,9<\/td><td>Hochklassiger Genuss<br><em>Kriterien:<\/em> Hier muss alles stimmen. Ein hochklassiger Wein hat bei Chef-Igor.de alles, was das Herz begehrt: Ein leckeres Bouquet, Komplexit\u00e4t am Gaumen <em>und <\/em>in der Nase sowie einen sch\u00f6nen Abgang. Auch geschmackliche Tiefe sollte nicht fehlen. Das alles sollte au\u00dferdem gut miteinander harmonieren. Schw\u00e4chen k\u00f6nnen sich die Weine hier kaum erlauben.   <\/td><\/tr><tr><td>9,0-10,0<\/td><td>Premiumgenuss<br><em>Kriterien:<\/em> Das Pr\u00e4dikat &#8222;Premiumgenuss&#8220; bekommen bei uns nur ganz wenige Tropfen verliehen! Diese Weine lassen nicht nur keine W\u00fcnsche offen, sie \u00fcbertreffen diese auch noch. Wir erwarten von solchen Weinen ein diffiziles Bouquet, feine und vielschichtige Geschmacksnuancen sowie einen komplexen Abgang. \u00dcberraschungen sind gerne gesehen, aber auch langj\u00e4hrige Bekannte k\u00f6nnen sich hier einordnen. Der &#8222;Premiumgenuss&#8220; steht f\u00fcr das perfekte Weinerlebnis. <\/td><\/tr><\/tbody><\/table><\/figure>\n\n\n\n<p>Nomenklatur: Wir benennen die Weine immer nach dem Schema REBSORTE\/NAME JAHRGANG, WEINGUT, ORT (ANBAUGEBIET). Der Name des Weines enth\u00e4lt ggf. auch die Lage oder den Anbauort. Das Land wird nur bei Anbaugebieten au\u00dferhalb Deutschlands angegeben. Alle Weine verstehen sich als trocken, sofern dies nicht durch entsprechende Stichworte (s\u00fc\u00df, fruchts\u00fc\u00df, feinherb, Kabinett, Auslese, Sp\u00e4tlese, Beerenauslese) angegeben ist. <\/p>\n<div class=\"shariff shariff-align-flex-start shariff-widget-align-flex-start\"><ul class=\"shariff-buttons theme-white orientation-horizontal buttonsize-medium\"><li class=\"shariff-button facebook shariff-nocustomcolor\" style=\"background-color:#4273c8\"><a href=\"https:\/\/www.facebook.com\/sharer\/sharer.php?u=https%3A%2F%2Fchef-igor.com%2F%3Fpage_id%3D39\" title=\"Bei Facebook teilen\" aria-label=\"Bei Facebook teilen\" role=\"button\" rel=\"nofollow\" class=\"shariff-link\" style=\"; background-color:#3b5998; color:#3b5998\" target=\"_blank\"><span class=\"shariff-icon\" style=\"fill:#3b5998\"><svg width=\"32px\" height=\"20px\" xmlns=\"http:\/\/www.w3.org\/2000\/svg\" viewBox=\"0 0 18 32\"><path fill=\"#3b5998\" d=\"M17.1 0.2v4.7h-2.8q-1.5 0-2.1 0.6t-0.5 1.9v3.4h5.2l-0.7 5.3h-4.5v13.6h-5.5v-13.6h-4.5v-5.3h4.5v-3.9q0-3.3 1.9-5.2t5-1.8q2.6 0 4.1 0.2z\"\/><\/svg><\/span><span class=\"shariff-text\" style=\"color:#3b5998\">teilen<\/span>&nbsp;<\/a><\/li><li class=\"shariff-button twitter shariff-nocustomcolor\" style=\"background-color:#595959\"><a href=\"https:\/\/twitter.com\/share?url=https%3A%2F%2Fchef-igor.com%2F%3Fpage_id%3D39&text=%C3%9Cber%20Weinexpertisen\" title=\"Bei X teilen\" aria-label=\"Bei X teilen\" role=\"button\" rel=\"noopener nofollow\" class=\"shariff-link\" style=\"; background-color:#000; color:#000\" target=\"_blank\"><span class=\"shariff-icon\" style=\"fill:#000\"><svg width=\"32px\" height=\"20px\" xmlns=\"http:\/\/www.w3.org\/2000\/svg\" viewBox=\"0 0 24 24\"><path fill=\"#000\" d=\"M14.258 10.152L23.176 0h-2.113l-7.747 8.813L7.133 0H0l9.352 13.328L0 23.973h2.113l8.176-9.309 6.531 9.309h7.133zm-2.895 3.293l-.949-1.328L2.875 1.56h3.246l6.086 8.523.945 1.328 7.91 11.078h-3.246zm0 0\"\/><\/svg><\/span><span class=\"shariff-text\" style=\"color:#000\">teilen<\/span>&nbsp;<\/a><\/li><li class=\"shariff-button whatsapp shariff-nocustomcolor\" style=\"background-color:#5cbe4a\"><a href=\"https:\/\/api.whatsapp.com\/send?text=https%3A%2F%2Fchef-igor.com%2F%3Fpage_id%3D39%20%C3%9Cber%20Weinexpertisen\" title=\"Bei Whatsapp teilen\" aria-label=\"Bei Whatsapp teilen\" role=\"button\" rel=\"noopener nofollow\" class=\"shariff-link\" style=\"; background-color:#34af23; color:#34af23\" target=\"_blank\"><span class=\"shariff-icon\" style=\"fill:#34af23\"><svg width=\"32px\" height=\"20px\" xmlns=\"http:\/\/www.w3.org\/2000\/svg\" viewBox=\"0 0 32 32\"><path fill=\"#34af23\" d=\"M17.6 17.4q0.2 0 1.7 0.8t1.6 0.9q0 0.1 0 0.3 0 0.6-0.3 1.4-0.3 0.7-1.3 1.2t-1.8 0.5q-1 0-3.4-1.1-1.7-0.8-3-2.1t-2.6-3.3q-1.3-1.9-1.3-3.5v-0.1q0.1-1.6 1.3-2.8 0.4-0.4 0.9-0.4 0.1 0 0.3 0t0.3 0q0.3 0 0.5 0.1t0.3 0.5q0.1 0.4 0.6 1.6t0.4 1.3q0 0.4-0.6 1t-0.6 0.8q0 0.1 0.1 0.3 0.6 1.3 1.8 2.4 1 0.9 2.7 1.8 0.2 0.1 0.4 0.1 0.3 0 1-0.9t0.9-0.9zM14 26.9q2.3 0 4.3-0.9t3.6-2.4 2.4-3.6 0.9-4.3-0.9-4.3-2.4-3.6-3.6-2.4-4.3-0.9-4.3 0.9-3.6 2.4-2.4 3.6-0.9 4.3q0 3.6 2.1 6.6l-1.4 4.2 4.3-1.4q2.8 1.9 6.2 1.9zM14 2.2q2.7 0 5.2 1.1t4.3 2.9 2.9 4.3 1.1 5.2-1.1 5.2-2.9 4.3-4.3 2.9-5.2 1.1q-3.5 0-6.5-1.7l-7.4 2.4 2.4-7.2q-1.9-3.2-1.9-6.9 0-2.7 1.1-5.2t2.9-4.3 4.3-2.9 5.2-1.1z\"\/><\/svg><\/span><span class=\"shariff-text\" style=\"color:#34af23\">teilen<\/span>&nbsp;<\/a><\/li><li class=\"shariff-button reddit shariff-nocustomcolor\" style=\"background-color:#ff5700\"><a href=\"https:\/\/www.reddit.com\/submit?url=https%3A%2F%2Fchef-igor.com%2F%3Fpage_id%3D39\" title=\"Bei Reddit teilen\" aria-label=\"Bei Reddit teilen\" role=\"button\" rel=\"noopener nofollow\" class=\"shariff-link\" style=\"; background-color:#ff4500; color:#ff4500\" target=\"_blank\"><span class=\"shariff-icon\" style=\"fill:#ff4500\"><svg xmlns=\"http:\/\/www.w3.org\/2000\/svg\" viewBox=\"0 0 512 512\"><path fill=\"#ff4500\" d=\"M440.3 203.5c-15 0-28.2 6.2-37.9 15.9-35.7-24.7-83.8-40.6-137.1-42.3L293 52.3l88.2 19.8c0 21.6 17.6 39.2 39.2 39.2 22 0 39.7-18.1 39.7-39.7s-17.6-39.7-39.7-39.7c-15.4 0-28.7 9.3-35.3 22l-97.4-21.6c-4.9-1.3-9.7 2.2-11 7.1L246.3 177c-52.9 2.2-100.5 18.1-136.3 42.8-9.7-10.1-23.4-16.3-38.4-16.3-55.6 0-73.8 74.6-22.9 100.1-1.8 7.9-2.6 16.3-2.6 24.7 0 83.8 94.4 151.7 210.3 151.7 116.4 0 210.8-67.9 210.8-151.7 0-8.4-.9-17.2-3.1-25.1 49.9-25.6 31.5-99.7-23.8-99.7zM129.4 308.9c0-22 17.6-39.7 39.7-39.7 21.6 0 39.2 17.6 39.2 39.7 0 21.6-17.6 39.2-39.2 39.2-22 .1-39.7-17.6-39.7-39.2zm214.3 93.5c-36.4 36.4-139.1 36.4-175.5 0-4-3.5-4-9.7 0-13.7 3.5-3.5 9.7-3.5 13.2 0 27.8 28.5 120 29 149 0 3.5-3.5 9.7-3.5 13.2 0 4.1 4 4.1 10.2.1 13.7zm-.8-54.2c-21.6 0-39.2-17.6-39.2-39.2 0-22 17.6-39.7 39.2-39.7 22 0 39.7 17.6 39.7 39.7-.1 21.5-17.7 39.2-39.7 39.2z\"\/><\/svg><\/span><span class=\"shariff-text\" style=\"color:#ff4500\">teilen<\/span>&nbsp;<\/a><\/li><li class=\"shariff-button rss shariff-nocustomcolor\" style=\"background-color:#ff8c00\"><a href=\"https:\/\/chef-igor.com\/?feed=rss\" title=\"RSS-feed\" aria-label=\"RSS-feed\" role=\"button\" class=\"shariff-link\" style=\"; background-color:#fe9312; color:#fe9312\" target=\"_blank\"><span class=\"shariff-icon\" style=\"fill:#fe9312\"><svg width=\"32px\" height=\"20px\" xmlns=\"http:\/\/www.w3.org\/2000\/svg\" viewBox=\"0 0 32 32\"><path fill=\"#fe9312\" d=\"M4.3 23.5c-2.3 0-4.3 1.9-4.3 4.3 0 2.3 1.9 4.2 4.3 4.2 2.4 0 4.3-1.9 4.3-4.2 0-2.3-1.9-4.3-4.3-4.3zM0 10.9v6.1c4 0 7.7 1.6 10.6 4.4 2.8 2.8 4.4 6.6 4.4 10.6h6.2c0-11.7-9.5-21.1-21.1-21.1zM0 0v6.1c14.2 0 25.8 11.6 25.8 25.9h6.2c0-17.6-14.4-32-32-32z\"\/><\/svg><\/span><span class=\"shariff-text\" style=\"color:#fe9312\">RSS-feed<\/span>&nbsp;<\/a><\/li><\/ul><\/div>","protected":false},"excerpt":{"rendered":"<p>Die Expertise von Weinen erfordert guten Gaumen und gute Nase. Freilich ist dies kaum jemandem in die Wiege gelegt: Viel mehr kann [&hellip;]<\/p>\n","protected":false},"author":1,"featured_media":0,"parent":0,"menu_order":0,"comment_status":"closed","ping_status":"closed","template":"","meta":{"footnotes":""},"_links":{"self":[{"href":"https:\/\/chef-igor.com\/index.php?rest_route=\/wp\/v2\/pages\/39"}],"collection":[{"href":"https:\/\/chef-igor.com\/index.php?rest_route=\/wp\/v2\/pages"}],"about":[{"href":"https:\/\/chef-igor.com\/index.php?rest_route=\/wp\/v2\/types\/page"}],"author":[{"embeddable":true,"href":"https:\/\/chef-igor.com\/index.php?rest_route=\/wp\/v2\/users\/1"}],"replies":[{"embeddable":true,"href":"https:\/\/chef-igor.com\/index.php?rest_route=%2Fwp%2Fv2%2Fcomments&post=39"}],"version-history":[{"count":22,"href":"https:\/\/chef-igor.com\/index.php?rest_route=\/wp\/v2\/pages\/39\/revisions"}],"predecessor-version":[{"id":733,"href":"https:\/\/chef-igor.com\/index.php?rest_route=\/wp\/v2\/pages\/39\/revisions\/733"}],"wp:attachment":[{"href":"https:\/\/chef-igor.com\/index.php?rest_route=%2Fwp%2Fv2%2Fmedia&parent=39"}],"curies":[{"name":"wp","href":"https:\/\/api.w.org\/{rel}","templated":true}]}}